{"id":416,"date":"2022-10-08T14:07:12","date_gmt":"2022-10-08T14:07:12","guid":{"rendered":"https:\/\/test.nabore.com\/?page_id=416"},"modified":"2026-01-02T14:02:34","modified_gmt":"2026-01-02T14:02:34","slug":"technology","status":"publish","type":"page","link":"https:\/\/www.nabore.com\/fr\/technology\/","title":{"rendered":"Technology"},"content":{"rendered":"<div data-elementor-type=\"wp-page\" data-elementor-id=\"416\" class=\"elementor elementor-416\" data-elementor-post-type=\"page\">\n\t\t\t\t\t\t<section class=\"elementor-section elementor-top-section elementor-element elementor-element-745394b elementor-section-height-min-height elementor-section-content-middle elementor-section-full_width elementor-section-height-default elementor-section-items-middle\" data-id=\"745394b\" data-element_type=\"section\" data-settings=\"{&quot;background_background&quot;:&quot;classic&quot;,&quot;motion_fx_motion_fx_scrolling&quot;:&quot;yes&quot;,&quot;animation&quot;:&quot;none&quot;,&quot;motion_fx_devices&quot;:[&quot;desktop&quot;,&quot;tablet&quot;,&quot;mobile&quot;]}\">\n\t\t\t\t\t\t\t<div class=\"elementor-background-overlay\"><\/div>\n\t\t\t\t\t\t\t<div class=\"elementor-container elementor-column-gap-no\">\n\t\t\t\t\t<div class=\"elementor-column elementor-col-100 elementor-top-column elementor-element elementor-element-75c683c\" data-id=\"75c683c\" data-element_type=\"column\">\n\t\t\t<div class=\"elementor-widget-wrap\">\n\t\t\t\t\t\t\t<\/div>\n\t\t<\/div>\n\t\t\t\t\t<\/div>\n\t\t<\/section>\n\t\t\t\t<section class=\"elementor-section elementor-top-section elementor-element elementor-element-453492d elementor-section-boxed elementor-section-height-default elementor-section-height-default\" data-id=\"453492d\" data-element_type=\"section\">\n\t\t\t\t\t\t<div class=\"elementor-container elementor-column-gap-default\">\n\t\t\t\t\t<div class=\"elementor-column elementor-col-100 elementor-top-column elementor-element elementor-element-5d0f438\" data-id=\"5d0f438\" data-element_type=\"column\">\n\t\t\t<div class=\"elementor-widget-wrap elementor-element-populated\">\n\t\t\t\t\t\t<div class=\"elementor-element elementor-element-f043d02 elementor-widget elementor-widget-spacer\" data-id=\"f043d02\" data-element_type=\"widget\" data-widget_type=\"spacer.default\">\n\t\t\t\t<div class=\"elementor-widget-container\">\n\t\t\t\t\t\t\t<div class=\"elementor-spacer\">\n\t\t\t<div class=\"elementor-spacer-inner\"><\/div>\n\t\t<\/div>\n\t\t\t\t\t\t<\/div>\n\t\t\t\t<\/div>\n\t\t\t\t\t<\/div>\n\t\t<\/div>\n\t\t\t\t\t<\/div>\n\t\t<\/section>\n\t\t\t\t<section class=\"elementor-section elementor-top-section elementor-element elementor-element-5677759 elementor-section-boxed elementor-section-height-default elementor-section-height-default\" data-id=\"5677759\" data-element_type=\"section\">\n\t\t\t\t\t\t<div class=\"elementor-container elementor-column-gap-default\">\n\t\t\t\t\t<div class=\"elementor-column elementor-col-100 elementor-top-column elementor-element elementor-element-5762fe7\" data-id=\"5762fe7\" data-element_type=\"column\">\n\t\t\t<div class=\"elementor-widget-wrap elementor-element-populated\">\n\t\t\t\t\t\t<div class=\"elementor-element elementor-element-b6a5092 elementor-widget elementor-widget-heading\" data-id=\"b6a5092\" data-element_type=\"widget\" data-widget_type=\"heading.default\">\n\t\t\t\t<div class=\"elementor-widget-container\">\n\t\t\t\t\t<h2 class=\"elementor-heading-title elementor-size-default\">Vom Reststoff zum Werkstoff<\/h2>\t\t\t\t<\/div>\n\t\t\t\t<\/div>\n\t\t\t\t\t<\/div>\n\t\t<\/div>\n\t\t\t\t\t<\/div>\n\t\t<\/section>\n\t\t\t\t<section class=\"elementor-section elementor-top-section elementor-element elementor-element-4f70d1d elementor-section-content-top elementor-section-stretched elementor-section-boxed elementor-section-height-default elementor-section-height-default\" data-id=\"4f70d1d\" data-element_type=\"section\" data-settings=\"{&quot;background_background&quot;:&quot;classic&quot;,&quot;stretch_section&quot;:&quot;section-stretched&quot;}\">\n\t\t\t\t\t\t\t<div class=\"elementor-background-overlay\"><\/div>\n\t\t\t\t\t\t\t<div class=\"elementor-container elementor-column-gap-wide\">\n\t\t\t\t\t<div class=\"elementor-column elementor-col-50 elementor-top-column elementor-element elementor-element-53c328c\" data-id=\"53c328c\" data-element_type=\"column\">\n\t\t\t<div class=\"elementor-widget-wrap elementor-element-populated\">\n\t\t\t\t\t\t<div class=\"elementor-element elementor-element-36e0c54 elementor-widget elementor-widget-text-editor\" data-id=\"36e0c54\" data-element_type=\"widget\" data-widget_type=\"text-editor.default\">\n\t\t\t\t<div class=\"elementor-widget-container\">\n\t\t\t\t\t\t\t\t\t<p>NABORE entwickelt Prozesse, mit denen industrielle Reststoffe zu neuen Materialien weiterverarbeitet werden k\u00f6nnen.<\/p><p>Unsere Technologie kombiniert Recyclingverfahren, materialtechnisches Know-how und prozesssichere Produktion im industriellen Ma\u00dfstab.<\/p>\t\t\t\t\t\t\t\t<\/div>\n\t\t\t\t<\/div>\n\t\t\t\t\t<\/div>\n\t\t<\/div>\n\t\t\t\t<div class=\"elementor-column elementor-col-50 elementor-top-column elementor-element elementor-element-38ce310\" data-id=\"38ce310\" data-element_type=\"column\">\n\t\t\t<div class=\"elementor-widget-wrap elementor-element-populated\">\n\t\t\t\t\t\t<div class=\"elementor-element elementor-element-ff6ce80 elementor-widget elementor-widget-text-editor\" data-id=\"ff6ce80\" data-element_type=\"widget\" data-widget_type=\"text-editor.default\">\n\t\t\t\t<div class=\"elementor-widget-container\">\n\t\t\t\t\t\t\t\t\t<p>Dabei entstehen Werkstoffe, die aus ungenutzten Ressourcen gewonnen werden und verl\u00e4sslich in bestehende Herstellungsprozesse integriert werden k\u00f6nnen.<\/p><p>Die Produktion in Deutschland erm\u00f6glicht eine pr\u00e4zise Prozesssteuerung, kurze Wege und eine gesicherte Qualit\u00e4t \u00fcber alle Verarbeitungsschritte hinweg.<\/p>\t\t\t\t\t\t\t\t<\/div>\n\t\t\t\t<\/div>\n\t\t\t\t\t<\/div>\n\t\t<\/div>\n\t\t\t\t\t<\/div>\n\t\t<\/section>\n\t\t\t\t<section class=\"elementor-section elementor-top-section elementor-element elementor-element-3f0b443 elementor-section-height-min-height elementor-section-boxed elementor-section-height-default elementor-section-items-middle elementor-invisible\" data-id=\"3f0b443\" data-element_type=\"section\" data-settings=\"{&quot;animation&quot;:&quot;zoomIn&quot;}\">\n\t\t\t\t\t\t<div class=\"elementor-container elementor-column-gap-narrow\">\n\t\t\t\t\t<div class=\"elementor-column elementor-col-100 elementor-top-column elementor-element elementor-element-d2dc9bf\" data-id=\"d2dc9bf\" data-element_type=\"column\">\n\t\t\t<div class=\"elementor-widget-wrap elementor-element-populated\">\n\t\t\t\t\t\t<div class=\"elementor-element elementor-element-e83e5db elementor-widget elementor-widget-image\" data-id=\"e83e5db\" data-element_type=\"widget\" data-widget_type=\"image.default\">\n\t\t\t\t<div class=\"elementor-widget-container\">\n\t\t\t\t\t\t\t\t\t\t\t\t\t\t\t<img fetchpriority=\"high\" decoding=\"async\" width=\"800\" height=\"438\" src=\"https:\/\/www.nabore.com\/wp-content\/uploads\/2025\/12\/Prozess-1024x561.png\" class=\"attachment-large size-large wp-image-2565\" alt=\"\" srcset=\"https:\/\/www.nabore.com\/wp-content\/uploads\/2025\/12\/Prozess-1024x561.png 1024w, https:\/\/www.nabore.com\/wp-content\/uploads\/2025\/12\/Prozess-300x164.png 300w, https:\/\/www.nabore.com\/wp-content\/uploads\/2025\/12\/Prozess-768x421.png 768w, https:\/\/www.nabore.com\/wp-content\/uploads\/2025\/12\/Prozess-18x10.png 18w, https:\/\/www.nabore.com\/wp-content\/uploads\/2025\/12\/Prozess.png 1400w\" sizes=\"(max-width: 800px) 100vw, 800px\" \/>\t\t\t\t\t\t\t\t\t\t\t\t\t\t\t<\/div>\n\t\t\t\t<\/div>\n\t\t\t\t\t<\/div>\n\t\t<\/div>\n\t\t\t\t\t<\/div>\n\t\t<\/section>\n\t\t\t\t<section class=\"elementor-section elementor-top-section elementor-element elementor-element-47cb5e4 elementor-section-boxed elementor-section-height-default elementor-section-height-default\" data-id=\"47cb5e4\" data-element_type=\"section\">\n\t\t\t\t\t\t<div class=\"elementor-container elementor-column-gap-default\">\n\t\t\t\t\t<div class=\"elementor-column elementor-col-20 elementor-top-column elementor-element elementor-element-f5b5588\" data-id=\"f5b5588\" data-element_type=\"column\">\n\t\t\t<div class=\"elementor-widget-wrap elementor-element-populated\">\n\t\t\t\t\t\t<div class=\"elementor-element elementor-element-70a45a8 elementor-widget elementor-widget-image\" data-id=\"70a45a8\" data-element_type=\"widget\" data-widget_type=\"image.default\">\n\t\t\t\t<div class=\"elementor-widget-container\">\n\t\t\t\t\t\t\t\t\t\t\t\t\t\t\t<img decoding=\"async\" width=\"800\" height=\"800\" src=\"https:\/\/www.nabore.com\/wp-content\/uploads\/2025\/12\/Produktion-4.jpg\" class=\"attachment-large size-large wp-image-2569\" alt=\"\" srcset=\"https:\/\/www.nabore.com\/wp-content\/uploads\/2025\/12\/Produktion-4.jpg 800w, https:\/\/www.nabore.com\/wp-content\/uploads\/2025\/12\/Produktion-4-300x300.jpg 300w, https:\/\/www.nabore.com\/wp-content\/uploads\/2025\/12\/Produktion-4-150x150.jpg 150w, https:\/\/www.nabore.com\/wp-content\/uploads\/2025\/12\/Produktion-4-768x768.jpg 768w, https:\/\/www.nabore.com\/wp-content\/uploads\/2025\/12\/Produktion-4-12x12.jpg 12w\" sizes=\"(max-width: 800px) 100vw, 800px\" \/>\t\t\t\t\t\t\t\t\t\t\t\t\t\t\t<\/div>\n\t\t\t\t<\/div>\n\t\t\t\t\t<\/div>\n\t\t<\/div>\n\t\t\t\t<div class=\"elementor-column elementor-col-20 elementor-top-column elementor-element elementor-element-d6d0cca\" data-id=\"d6d0cca\" data-element_type=\"column\">\n\t\t\t<div class=\"elementor-widget-wrap elementor-element-populated\">\n\t\t\t\t\t\t<div class=\"elementor-element elementor-element-d6868bd elementor-widget elementor-widget-image\" data-id=\"d6868bd\" data-element_type=\"widget\" data-widget_type=\"image.default\">\n\t\t\t\t<div class=\"elementor-widget-container\">\n\t\t\t\t\t\t\t\t\t\t\t\t\t\t\t<img decoding=\"async\" width=\"800\" height=\"800\" src=\"https:\/\/www.nabore.com\/wp-content\/uploads\/2025\/12\/Produktion-3.jpg\" class=\"attachment-large size-large wp-image-2570\" alt=\"\" srcset=\"https:\/\/www.nabore.com\/wp-content\/uploads\/2025\/12\/Produktion-3.jpg 800w, https:\/\/www.nabore.com\/wp-content\/uploads\/2025\/12\/Produktion-3-300x300.jpg 300w, https:\/\/www.nabore.com\/wp-content\/uploads\/2025\/12\/Produktion-3-150x150.jpg 150w, https:\/\/www.nabore.com\/wp-content\/uploads\/2025\/12\/Produktion-3-768x768.jpg 768w, https:\/\/www.nabore.com\/wp-content\/uploads\/2025\/12\/Produktion-3-12x12.jpg 12w\" sizes=\"(max-width: 800px) 100vw, 800px\" \/>\t\t\t\t\t\t\t\t\t\t\t\t\t\t\t<\/div>\n\t\t\t\t<\/div>\n\t\t\t\t\t<\/div>\n\t\t<\/div>\n\t\t\t\t<div class=\"elementor-column elementor-col-20 elementor-top-column elementor-element elementor-element-03e966c\" data-id=\"03e966c\" data-element_type=\"column\">\n\t\t\t<div class=\"elementor-widget-wrap elementor-element-populated\">\n\t\t\t\t\t\t<div class=\"elementor-element elementor-element-c897d73 elementor-widget elementor-widget-image\" data-id=\"c897d73\" data-element_type=\"widget\" data-widget_type=\"image.default\">\n\t\t\t\t<div class=\"elementor-widget-container\">\n\t\t\t\t\t\t\t\t\t\t\t\t\t\t\t<img loading=\"lazy\" decoding=\"async\" width=\"800\" height=\"800\" src=\"https:\/\/www.nabore.com\/wp-content\/uploads\/2025\/12\/Produktion-6.jpg\" class=\"attachment-large size-large wp-image-2636\" alt=\"\" srcset=\"https:\/\/www.nabore.com\/wp-content\/uploads\/2025\/12\/Produktion-6.jpg 800w, https:\/\/www.nabore.com\/wp-content\/uploads\/2025\/12\/Produktion-6-300x300.jpg 300w, https:\/\/www.nabore.com\/wp-content\/uploads\/2025\/12\/Produktion-6-150x150.jpg 150w, https:\/\/www.nabore.com\/wp-content\/uploads\/2025\/12\/Produktion-6-768x768.jpg 768w, https:\/\/www.nabore.com\/wp-content\/uploads\/2025\/12\/Produktion-6-12x12.jpg 12w\" sizes=\"(max-width: 800px) 100vw, 800px\" \/>\t\t\t\t\t\t\t\t\t\t\t\t\t\t\t<\/div>\n\t\t\t\t<\/div>\n\t\t\t\t\t<\/div>\n\t\t<\/div>\n\t\t\t\t<div class=\"elementor-column elementor-col-20 elementor-top-column elementor-element elementor-element-98477b5\" data-id=\"98477b5\" data-element_type=\"column\">\n\t\t\t<div class=\"elementor-widget-wrap elementor-element-populated\">\n\t\t\t\t\t\t<div class=\"elementor-element elementor-element-5a66a8d elementor-widget elementor-widget-image\" data-id=\"5a66a8d\" data-element_type=\"widget\" data-widget_type=\"image.default\">\n\t\t\t\t<div class=\"elementor-widget-container\">\n\t\t\t\t\t\t\t\t\t\t\t\t\t\t\t<img loading=\"lazy\" decoding=\"async\" width=\"800\" height=\"800\" src=\"https:\/\/www.nabore.com\/wp-content\/uploads\/2025\/12\/Produktion-2.jpg\" class=\"attachment-large size-large wp-image-2572\" alt=\"\" srcset=\"https:\/\/www.nabore.com\/wp-content\/uploads\/2025\/12\/Produktion-2.jpg 800w, https:\/\/www.nabore.com\/wp-content\/uploads\/2025\/12\/Produktion-2-300x300.jpg 300w, https:\/\/www.nabore.com\/wp-content\/uploads\/2025\/12\/Produktion-2-150x150.jpg 150w, https:\/\/www.nabore.com\/wp-content\/uploads\/2025\/12\/Produktion-2-768x768.jpg 768w, https:\/\/www.nabore.com\/wp-content\/uploads\/2025\/12\/Produktion-2-12x12.jpg 12w\" sizes=\"(max-width: 800px) 100vw, 800px\" \/>\t\t\t\t\t\t\t\t\t\t\t\t\t\t\t<\/div>\n\t\t\t\t<\/div>\n\t\t\t\t\t<\/div>\n\t\t<\/div>\n\t\t\t\t<div class=\"elementor-column elementor-col-20 elementor-top-column elementor-element elementor-element-71bac87\" data-id=\"71bac87\" data-element_type=\"column\">\n\t\t\t<div class=\"elementor-widget-wrap elementor-element-populated\">\n\t\t\t\t\t\t<div class=\"elementor-element elementor-element-c2f15e4 elementor-widget elementor-widget-image\" data-id=\"c2f15e4\" data-element_type=\"widget\" data-widget_type=\"image.default\">\n\t\t\t\t<div class=\"elementor-widget-container\">\n\t\t\t\t\t\t\t\t\t\t\t\t\t\t\t<img loading=\"lazy\" decoding=\"async\" width=\"800\" height=\"800\" src=\"https:\/\/www.nabore.com\/wp-content\/uploads\/2025\/12\/Produktion-5.jpg\" class=\"attachment-large size-large wp-image-2573\" alt=\"\" srcset=\"https:\/\/www.nabore.com\/wp-content\/uploads\/2025\/12\/Produktion-5.jpg 800w, https:\/\/www.nabore.com\/wp-content\/uploads\/2025\/12\/Produktion-5-300x300.jpg 300w, https:\/\/www.nabore.com\/wp-content\/uploads\/2025\/12\/Produktion-5-150x150.jpg 150w, https:\/\/www.nabore.com\/wp-content\/uploads\/2025\/12\/Produktion-5-768x768.jpg 768w, https:\/\/www.nabore.com\/wp-content\/uploads\/2025\/12\/Produktion-5-12x12.jpg 12w\" sizes=\"(max-width: 800px) 100vw, 800px\" \/>\t\t\t\t\t\t\t\t\t\t\t\t\t\t\t<\/div>\n\t\t\t\t<\/div>\n\t\t\t\t\t<\/div>\n\t\t<\/div>\n\t\t\t\t\t<\/div>\n\t\t<\/section>\n\t\t\t\t<section class=\"elementor-section elementor-top-section elementor-element elementor-element-6df7f17 elementor-section-boxed elementor-section-height-default elementor-section-height-default\" data-id=\"6df7f17\" data-element_type=\"section\">\n\t\t\t\t\t\t<div class=\"elementor-container elementor-column-gap-default\">\n\t\t\t\t\t<div class=\"elementor-column elementor-col-100 elementor-top-column elementor-element elementor-element-c15544f\" data-id=\"c15544f\" data-element_type=\"column\">\n\t\t\t<div class=\"elementor-widget-wrap elementor-element-populated\">\n\t\t\t\t\t\t<div class=\"elementor-element elementor-element-07842cb elementor-widget elementor-widget-text-editor\" data-id=\"07842cb\" data-element_type=\"widget\" data-widget_type=\"text-editor.default\">\n\t\t\t\t<div class=\"elementor-widget-container\">\n\t\t\t\t\t\t\t\t\t<p>Produktionsanlage in Bopfingen<\/p>\t\t\t\t\t\t\t\t<\/div>\n\t\t\t\t<\/div>\n\t\t\t\t\t<\/div>\n\t\t<\/div>\n\t\t\t\t\t<\/div>\n\t\t<\/section>\n\t\t\t\t<section class=\"elementor-section elementor-top-section elementor-element elementor-element-3457edb elementor-section-boxed elementor-section-height-default elementor-section-height-default\" data-id=\"3457edb\" data-element_type=\"section\">\n\t\t\t\t\t\t<div class=\"elementor-container elementor-column-gap-default\">\n\t\t\t\t\t<div class=\"elementor-column elementor-col-100 elementor-top-column elementor-element elementor-element-25734cd\" data-id=\"25734cd\" data-element_type=\"column\">\n\t\t\t<div class=\"elementor-widget-wrap elementor-element-populated\">\n\t\t\t\t\t\t<div class=\"elementor-element elementor-element-8e0bd7f elementor-widget elementor-widget-spacer\" data-id=\"8e0bd7f\" data-element_type=\"widget\" data-widget_type=\"spacer.default\">\n\t\t\t\t<div class=\"elementor-widget-container\">\n\t\t\t\t\t\t\t<div class=\"elementor-spacer\">\n\t\t\t<div class=\"elementor-spacer-inner\"><\/div>\n\t\t<\/div>\n\t\t\t\t\t\t<\/div>\n\t\t\t\t<\/div>\n\t\t\t\t\t<\/div>\n\t\t<\/div>\n\t\t\t\t\t<\/div>\n\t\t<\/section>\n\t\t\t\t<\/div>","protected":false},"excerpt":{"rendered":"<p>Vom Reststoff zum Werkstoff NABORE entwickelt Prozesse, mit denen industrielle Reststoffe zu neuen Materialien weiterverarbeitet werden k\u00f6nnen. Unsere Technologie kombiniert Recyclingverfahren, materialtechnisches Know-how und prozesssichere Produktion im industriellen Ma\u00dfstab. Dabei entstehen Werkstoffe, die aus ungenutzten Ressourcen gewonnen werden und verl\u00e4sslich in bestehende Herstellungsprozesse integriert werden k\u00f6nnen. Die Produktion in Deutschland erm\u00f6glicht eine pr\u00e4zise Prozesssteuerung, kurze [&hellip;]<\/p>","protected":false},"author":3,"featured_media":0,"parent":0,"menu_order":0,"comment_status":"closed","ping_status":"closed","template":"elementor_header_footer","meta":{"footnotes":""},"class_list":["post-416","page","type-page","status-publish","hentry"],"_links":{"self":[{"href":"https:\/\/www.nabore.com\/fr\/wp-json\/wp\/v2\/pages\/416","targetHints":{"allow":["GET"]}}],"collection":[{"href":"https:\/\/www.nabore.com\/fr\/wp-json\/wp\/v2\/pages"}],"about":[{"href":"https:\/\/www.nabore.com\/fr\/wp-json\/wp\/v2\/types\/page"}],"author":[{"embeddable":true,"href":"https:\/\/www.nabore.com\/fr\/wp-json\/wp\/v2\/users\/3"}],"replies":[{"embeddable":true,"href":"https:\/\/www.nabore.com\/fr\/wp-json\/wp\/v2\/comments?post=416"}],"version-history":[{"count":261,"href":"https:\/\/www.nabore.com\/fr\/wp-json\/wp\/v2\/pages\/416\/revisions"}],"predecessor-version":[{"id":3306,"href":"https:\/\/www.nabore.com\/fr\/wp-json\/wp\/v2\/pages\/416\/revisions\/3306"}],"wp:attachment":[{"href":"https:\/\/www.nabore.com\/fr\/wp-json\/wp\/v2\/media?parent=416"}],"curies":[{"name":"wp","href":"https:\/\/api.w.org\/{rel}","templated":true}]}}