{"id":2269,"date":"2025-10-22T12:02:08","date_gmt":"2025-10-22T12:02:08","guid":{"rendered":"https:\/\/www.nabore.com\/?page_id=2269"},"modified":"2026-01-02T14:07:00","modified_gmt":"2026-01-02T14:07:00","slug":"angebot","status":"publish","type":"page","link":"https:\/\/www.nabore.com\/fr\/angebot\/","title":{"rendered":"Angebot"},"content":{"rendered":"<div data-elementor-type=\"wp-page\" data-elementor-id=\"2269\" class=\"elementor elementor-2269\" data-elementor-post-type=\"page\">\n\t\t\t\t\t\t<section class=\"elementor-section elementor-top-section elementor-element elementor-element-4c3776e elementor-section-height-min-height elementor-section-content-middle elementor-section-boxed elementor-section-height-default elementor-section-items-middle\" data-id=\"4c3776e\" data-element_type=\"section\" data-settings=\"{&quot;background_background&quot;:&quot;classic&quot;}\">\n\t\t\t\t\t\t\t<div class=\"elementor-background-overlay\"><\/div>\n\t\t\t\t\t\t\t<div class=\"elementor-container elementor-column-gap-no\">\n\t\t\t\t\t<div class=\"elementor-column elementor-col-100 elementor-top-column elementor-element elementor-element-04e4a7c\" data-id=\"04e4a7c\" data-element_type=\"column\">\n\t\t\t<div class=\"elementor-widget-wrap\">\n\t\t\t\t\t\t\t<\/div>\n\t\t<\/div>\n\t\t\t\t\t<\/div>\n\t\t<\/section>\n\t\t\t\t<section class=\"elementor-section elementor-top-section elementor-element elementor-element-ed0280e elementor-section-boxed elementor-section-height-default elementor-section-height-default\" data-id=\"ed0280e\" data-element_type=\"section\">\n\t\t\t\t\t\t<div class=\"elementor-container elementor-column-gap-default\">\n\t\t\t\t\t<div class=\"elementor-column elementor-col-100 elementor-top-column elementor-element elementor-element-c53a64f\" data-id=\"c53a64f\" data-element_type=\"column\">\n\t\t\t<div class=\"elementor-widget-wrap elementor-element-populated\">\n\t\t\t\t\t\t<div class=\"elementor-element elementor-element-2c76861 elementor-widget elementor-widget-spacer\" data-id=\"2c76861\" data-element_type=\"widget\" data-widget_type=\"spacer.default\">\n\t\t\t\t<div class=\"elementor-widget-container\">\n\t\t\t\t\t\t\t<div class=\"elementor-spacer\">\n\t\t\t<div class=\"elementor-spacer-inner\"><\/div>\n\t\t<\/div>\n\t\t\t\t\t\t<\/div>\n\t\t\t\t<\/div>\n\t\t\t\t\t<\/div>\n\t\t<\/div>\n\t\t\t\t\t<\/div>\n\t\t<\/section>\n\t\t\t\t<section class=\"elementor-section elementor-top-section elementor-element elementor-element-08e59eb elementor-section-boxed elementor-section-height-default elementor-section-height-default\" data-id=\"08e59eb\" data-element_type=\"section\">\n\t\t\t\t\t\t<div class=\"elementor-container elementor-column-gap-default\">\n\t\t\t\t\t<div class=\"elementor-column elementor-col-100 elementor-top-column elementor-element elementor-element-004307c\" data-id=\"004307c\" data-element_type=\"column\">\n\t\t\t<div class=\"elementor-widget-wrap elementor-element-populated\">\n\t\t\t\t\t\t<div class=\"elementor-element elementor-element-f8fe61e elementor-widget__width-initial elementor-widget elementor-widget-heading\" data-id=\"f8fe61e\" data-element_type=\"widget\" data-widget_type=\"heading.default\">\n\t\t\t\t<div class=\"elementor-widget-container\">\n\t\t\t\t\t<h2 class=\"elementor-heading-title elementor-size-default\">Markt im Fokus<\/h2>\t\t\t\t<\/div>\n\t\t\t\t<\/div>\n\t\t\t\t\t<\/div>\n\t\t<\/div>\n\t\t\t\t\t<\/div>\n\t\t<\/section>\n\t\t\t\t<section class=\"elementor-section elementor-top-section elementor-element elementor-element-17c764f elementor-section-content-top elementor-section-stretched elementor-section-boxed elementor-section-height-default elementor-section-height-default\" data-id=\"17c764f\" data-element_type=\"section\" data-settings=\"{&quot;background_background&quot;:&quot;classic&quot;,&quot;stretch_section&quot;:&quot;section-stretched&quot;}\">\n\t\t\t\t\t\t\t<div class=\"elementor-background-overlay\"><\/div>\n\t\t\t\t\t\t\t<div class=\"elementor-container elementor-column-gap-wide\">\n\t\t\t\t\t<div class=\"elementor-column elementor-col-50 elementor-top-column elementor-element elementor-element-c0831b1\" data-id=\"c0831b1\" data-element_type=\"column\">\n\t\t\t<div class=\"elementor-widget-wrap elementor-element-populated\">\n\t\t\t\t\t\t<div class=\"elementor-element elementor-element-5b63f11 elementor-widget elementor-widget-text-editor\" data-id=\"5b63f11\" data-element_type=\"widget\" data-widget_type=\"text-editor.default\">\n\t\t\t\t<div class=\"elementor-widget-container\">\n\t\t\t\t\t\t\t\t\t<p>NABORE arbeitet f\u00fcr Unternehmen, die ihre industriellen Reststoffe nutzbar machen und in neue Materialien \u00fcberf\u00fchren m\u00f6chten. Unsere Technologie erm\u00f6glicht es, Verschnitt, Offcuts und Ausschuss aus der Fashion-, Mobility-, Schuh- und Interiorindustrie zu recyceln und daraus marktf\u00e4hige Werkstoffe herzustellen.<\/p><p>Wir bieten Entwicklungs- und Produktionsprozesse, die Reststoffstr\u00f6me in funktionale Materialien verwandeln und sich in industrielle Abl\u00e4ufe integrieren lassen.<\/p>\t\t\t\t\t\t\t\t<\/div>\n\t\t\t\t<\/div>\n\t\t\t\t\t<\/div>\n\t\t<\/div>\n\t\t\t\t<div class=\"elementor-column elementor-col-50 elementor-top-column elementor-element elementor-element-be86784\" data-id=\"be86784\" data-element_type=\"column\">\n\t\t\t<div class=\"elementor-widget-wrap elementor-element-populated\">\n\t\t\t\t\t\t<div class=\"elementor-element elementor-element-38cd2db elementor-widget elementor-widget-text-editor\" data-id=\"38cd2db\" data-element_type=\"widget\" data-widget_type=\"text-editor.default\">\n\t\t\t\t<div class=\"elementor-widget-container\">\n\t\t\t\t\t\t\t\t\t<p>Unternehmen, die Zero-Waste-Prinzipien umsetzen, Ressourcen effizienter nutzen oder neue Materialoptionen pr\u00fcfen m\u00f6chten, k\u00f6nnen diese Schritte gemeinsam mit uns realisieren.<\/p><p>NABORE richtet sich an Marken und Hersteller, die bereit sind, bestehende Materialsysteme zu hinterfragen und Reststoffe als Rohstoffquelle zu verstehen.<br \/>Wer den Wandel aktiv gestalten will, findet in NABORE einen Partner f\u00fcr Entwicklung, Recycling und industrielle Materialproduktion.<\/p>\t\t\t\t\t\t\t\t<\/div>\n\t\t\t\t<\/div>\n\t\t\t\t\t<\/div>\n\t\t<\/div>\n\t\t\t\t\t<\/div>\n\t\t<\/section>\n\t\t\t\t<section class=\"elementor-section elementor-top-section elementor-element elementor-element-1ce7736 elementor-section-height-min-height elementor-section-full_width elementor-section-height-default elementor-section-items-middle\" data-id=\"1ce7736\" data-element_type=\"section\" data-settings=\"{&quot;background_background&quot;:&quot;classic&quot;}\">\n\t\t\t\t\t\t<div class=\"elementor-container elementor-column-gap-default\">\n\t\t\t\t\t<div class=\"elementor-column elementor-col-100 elementor-top-column elementor-element elementor-element-61cbac2\" data-id=\"61cbac2\" data-element_type=\"column\">\n\t\t\t<div class=\"elementor-widget-wrap elementor-element-populated\">\n\t\t\t\t\t\t<div class=\"elementor-element elementor-element-95a6e00 elementor-widget elementor-widget-image\" data-id=\"95a6e00\" data-element_type=\"widget\" data-widget_type=\"image.default\">\n\t\t\t\t<div class=\"elementor-widget-container\">\n\t\t\t\t\t\t\t\t\t\t\t\t\t\t\t<img fetchpriority=\"high\" decoding=\"async\" width=\"800\" height=\"222\" src=\"https:\/\/www.nabore.com\/wp-content\/uploads\/2025\/12\/Produktion-Nabore-1024x284.png\" class=\"attachment-large size-large wp-image-3252\" alt=\"\" srcset=\"https:\/\/www.nabore.com\/wp-content\/uploads\/2025\/12\/Produktion-Nabore-1024x284.png 1024w, https:\/\/www.nabore.com\/wp-content\/uploads\/2025\/12\/Produktion-Nabore-300x83.png 300w, https:\/\/www.nabore.com\/wp-content\/uploads\/2025\/12\/Produktion-Nabore-768x213.png 768w, https:\/\/www.nabore.com\/wp-content\/uploads\/2025\/12\/Produktion-Nabore-1536x426.png 1536w, https:\/\/www.nabore.com\/wp-content\/uploads\/2025\/12\/Produktion-Nabore-2048x568.png 2048w, https:\/\/www.nabore.com\/wp-content\/uploads\/2025\/12\/Produktion-Nabore-18x5.png 18w\" sizes=\"(max-width: 800px) 100vw, 800px\" \/>\t\t\t\t\t\t\t\t\t\t\t\t\t\t\t<\/div>\n\t\t\t\t<\/div>\n\t\t\t\t\t<\/div>\n\t\t<\/div>\n\t\t\t\t\t<\/div>\n\t\t<\/section>\n\t\t\t\t<section class=\"elementor-section elementor-top-section elementor-element elementor-element-4a57c4b elementor-section-boxed elementor-section-height-default elementor-section-height-default\" data-id=\"4a57c4b\" data-element_type=\"section\">\n\t\t\t\t\t\t<div class=\"elementor-container elementor-column-gap-default\">\n\t\t\t\t\t<div class=\"elementor-column elementor-col-100 elementor-top-column elementor-element elementor-element-0d12a85\" data-id=\"0d12a85\" data-element_type=\"column\">\n\t\t\t<div class=\"elementor-widget-wrap elementor-element-populated\">\n\t\t\t\t\t\t<section class=\"elementor-section elementor-inner-section elementor-element elementor-element-afab867 elementor-section-boxed elementor-section-height-default elementor-section-height-default\" data-id=\"afab867\" data-element_type=\"section\">\n\t\t\t\t\t\t<div class=\"elementor-container elementor-column-gap-default\">\n\t\t\t\t\t<div class=\"elementor-column elementor-col-50 elementor-inner-column elementor-element elementor-element-b66047d\" data-id=\"b66047d\" data-element_type=\"column\">\n\t\t\t<div class=\"elementor-widget-wrap elementor-element-populated\">\n\t\t\t\t\t\t<div class=\"elementor-element elementor-element-6bee3d8 elementor-widget elementor-widget-text-editor\" data-id=\"6bee3d8\" data-element_type=\"widget\" data-widget_type=\"text-editor.default\">\n\t\t\t\t<div class=\"elementor-widget-container\">\n\t\t\t\t\t\t\t\t\t<p>&gt; erstes voll ausgereiftes Material-Portfolio\u00a0<br \/>&gt; basierend auf weichen Lederresten (nicht wetblue\/wetwhite)<br \/>&gt; RELEA erm\u00f6glicht Kreislaufwirtschaft in industriellem Ma\u00dfstab<br \/>&gt; spezielle Materialien f\u00fcr konkrete Anwendungen in den Branchen:<\/p><p>\u00a0<\/p>\t\t\t\t\t\t\t\t<\/div>\n\t\t\t\t<\/div>\n\t\t\t\t\t<\/div>\n\t\t<\/div>\n\t\t\t\t<div class=\"elementor-column elementor-col-50 elementor-inner-column elementor-element elementor-element-f2fb511\" data-id=\"f2fb511\" data-element_type=\"column\">\n\t\t\t<div class=\"elementor-widget-wrap\">\n\t\t\t\t\t\t\t<\/div>\n\t\t<\/div>\n\t\t\t\t\t<\/div>\n\t\t<\/section>\n\t\t\t\t\t<\/div>\n\t\t<\/div>\n\t\t\t\t\t<\/div>\n\t\t<\/section>\n\t\t\t\t<\/div>","protected":false},"excerpt":{"rendered":"<p>Markt im Fokus NABORE arbeitet f\u00fcr Unternehmen, die ihre industriellen Reststoffe nutzbar machen und in neue Materialien \u00fcberf\u00fchren m\u00f6chten. Unsere Technologie erm\u00f6glicht es, Verschnitt, Offcuts und Ausschuss aus der Fashion-, Mobility-, Schuh- und Interiorindustrie zu recyceln und daraus marktf\u00e4hige Werkstoffe herzustellen. Wir bieten Entwicklungs- und Produktionsprozesse, die Reststoffstr\u00f6me in funktionale Materialien verwandeln und sich in [&hellip;]<\/p>","protected":false},"author":3,"featured_media":0,"parent":0,"menu_order":0,"comment_status":"closed","ping_status":"closed","template":"elementor_header_footer","meta":{"footnotes":""},"class_list":["post-2269","page","type-page","status-publish","hentry"],"_links":{"self":[{"href":"https:\/\/www.nabore.com\/fr\/wp-json\/wp\/v2\/pages\/2269","targetHints":{"allow":["GET"]}}],"collection":[{"href":"https:\/\/www.nabore.com\/fr\/wp-json\/wp\/v2\/pages"}],"about":[{"href":"https:\/\/www.nabore.com\/fr\/wp-json\/wp\/v2\/types\/page"}],"author":[{"embeddable":true,"href":"https:\/\/www.nabore.com\/fr\/wp-json\/wp\/v2\/users\/3"}],"replies":[{"embeddable":true,"href":"https:\/\/www.nabore.com\/fr\/wp-json\/wp\/v2\/comments?post=2269"}],"version-history":[{"count":204,"href":"https:\/\/www.nabore.com\/fr\/wp-json\/wp\/v2\/pages\/2269\/revisions"}],"predecessor-version":[{"id":3312,"href":"https:\/\/www.nabore.com\/fr\/wp-json\/wp\/v2\/pages\/2269\/revisions\/3312"}],"wp:attachment":[{"href":"https:\/\/www.nabore.com\/fr\/wp-json\/wp\/v2\/media?parent=2269"}],"curies":[{"name":"wp","href":"https:\/\/api.w.org\/{rel}","templated":true}]}}