{"id":493,"date":"2022-10-11T11:51:57","date_gmt":"2022-10-11T11:51:57","guid":{"rendered":"https:\/\/test.nabore.com\/?page_id=493"},"modified":"2025-12-31T13:05:19","modified_gmt":"2025-12-31T13:05:19","slug":"rd","status":"publish","type":"page","link":"https:\/\/www.nabore.com\/en\/rd\/","title":{"rendered":"R&amp;D"},"content":{"rendered":"<div data-elementor-type=\"wp-page\" data-elementor-id=\"493\" class=\"elementor elementor-493\" data-elementor-post-type=\"page\">\n\t\t\t\t\t\t<section class=\"elementor-section elementor-top-section elementor-element elementor-element-7a5083d elementor-section-height-min-height elementor-section-content-middle elementor-section-boxed elementor-section-height-default elementor-section-items-middle\" data-id=\"7a5083d\" data-element_type=\"section\" data-settings=\"{&quot;background_background&quot;:&quot;classic&quot;}\">\n\t\t\t\t\t\t\t<div class=\"elementor-background-overlay\"><\/div>\n\t\t\t\t\t\t\t<div class=\"elementor-container elementor-column-gap-no\">\n\t\t\t\t\t<div class=\"elementor-column elementor-col-100 elementor-top-column elementor-element elementor-element-df427bb\" data-id=\"df427bb\" data-element_type=\"column\">\n\t\t\t<div class=\"elementor-widget-wrap\">\n\t\t\t\t\t\t\t<\/div>\n\t\t<\/div>\n\t\t\t\t\t<\/div>\n\t\t<\/section>\n\t\t\t\t<section class=\"elementor-section elementor-top-section elementor-element elementor-element-864a518 elementor-section-boxed elementor-section-height-default elementor-section-height-default\" data-id=\"864a518\" data-element_type=\"section\">\n\t\t\t\t\t\t<div class=\"elementor-container elementor-column-gap-default\">\n\t\t\t\t\t<div class=\"elementor-column elementor-col-100 elementor-top-column elementor-element elementor-element-8ccc33f\" data-id=\"8ccc33f\" data-element_type=\"column\">\n\t\t\t<div class=\"elementor-widget-wrap elementor-element-populated\">\n\t\t\t\t\t\t<div class=\"elementor-element elementor-element-2a24afb elementor-widget elementor-widget-spacer\" data-id=\"2a24afb\" data-element_type=\"widget\" data-widget_type=\"spacer.default\">\n\t\t\t\t<div class=\"elementor-widget-container\">\n\t\t\t\t\t\t\t<div class=\"elementor-spacer\">\n\t\t\t<div class=\"elementor-spacer-inner\"><\/div>\n\t\t<\/div>\n\t\t\t\t\t\t<\/div>\n\t\t\t\t<\/div>\n\t\t\t\t\t<\/div>\n\t\t<\/div>\n\t\t\t\t\t<\/div>\n\t\t<\/section>\n\t\t\t\t<section class=\"elementor-section elementor-top-section elementor-element elementor-element-4675550 elementor-section-boxed elementor-section-height-default elementor-section-height-default\" data-id=\"4675550\" data-element_type=\"section\">\n\t\t\t\t\t\t<div class=\"elementor-container elementor-column-gap-default\">\n\t\t\t\t\t<div class=\"elementor-column elementor-col-100 elementor-top-column elementor-element elementor-element-803a668\" data-id=\"803a668\" data-element_type=\"column\">\n\t\t\t<div class=\"elementor-widget-wrap elementor-element-populated\">\n\t\t\t\t\t\t<div class=\"elementor-element elementor-element-b13c04e elementor-widget__width-initial elementor-widget elementor-widget-heading\" data-id=\"b13c04e\" data-element_type=\"widget\" data-widget_type=\"heading.default\">\n\t\t\t\t<div class=\"elementor-widget-container\">\n\t\t\t\t\t<h2 class=\"elementor-heading-title elementor-size-default\">Forschung &amp; Entwicklung mit Tradition<\/h2>\t\t\t\t<\/div>\n\t\t\t\t<\/div>\n\t\t\t\t\t<\/div>\n\t\t<\/div>\n\t\t\t\t\t<\/div>\n\t\t<\/section>\n\t\t\t\t<section class=\"elementor-section elementor-top-section elementor-element elementor-element-f18b593 elementor-section-height-min-height elementor-section-items-top elementor-section-content-top elementor-section-boxed elementor-section-height-default\" data-id=\"f18b593\" data-element_type=\"section\">\n\t\t\t\t\t\t<div class=\"elementor-container elementor-column-gap-wide\">\n\t\t\t\t\t<div class=\"elementor-column elementor-col-50 elementor-top-column elementor-element elementor-element-9d6f473\" data-id=\"9d6f473\" data-element_type=\"column\" data-settings=\"{&quot;background_background&quot;:&quot;classic&quot;}\">\n\t\t\t<div class=\"elementor-widget-wrap elementor-element-populated\">\n\t\t\t\t\t\t<div class=\"elementor-element elementor-element-6eb08e0 elementor-widget elementor-widget-text-editor\" data-id=\"6eb08e0\" data-element_type=\"widget\" data-widget_type=\"text-editor.default\">\n\t\t\t\t<div class=\"elementor-widget-container\">\n\t\t\t\t\t\t\t\t\t<p>R&amp;D ist der Ausgangspunkt f\u00fcr alle Materialien von NABORE. Hier untersuchen und entwickeln wir Rezepturen und Prozesse, um industrielle Reststoffe technisch nutzbar zu machen.<\/p>\t\t\t\t\t\t\t\t<\/div>\n\t\t\t\t<\/div>\n\t\t\t\t\t<\/div>\n\t\t<\/div>\n\t\t\t\t<div class=\"elementor-column elementor-col-50 elementor-top-column elementor-element elementor-element-11f551c\" data-id=\"11f551c\" data-element_type=\"column\" data-settings=\"{&quot;background_background&quot;:&quot;classic&quot;}\">\n\t\t\t<div class=\"elementor-widget-wrap elementor-element-populated\">\n\t\t\t\t\t\t<div class=\"elementor-element elementor-element-36f3149 elementor-widget elementor-widget-text-editor\" data-id=\"36f3149\" data-element_type=\"widget\" data-widget_type=\"text-editor.default\">\n\t\t\t\t<div class=\"elementor-widget-container\">\n\t\t\t\t\t\t\t\t\t<p>Unsere Entwicklungsarbeit verbindet Labor, Produktion und Partnernetzwerke und erm\u00f6glicht die \u00dcberf\u00fchrung neuer L\u00f6sungen in industrielle Anwendungen.<\/p>\t\t\t\t\t\t\t\t<\/div>\n\t\t\t\t<\/div>\n\t\t\t\t\t<\/div>\n\t\t<\/div>\n\t\t\t\t\t<\/div>\n\t\t<\/section>\n\t\t\t\t<section class=\"elementor-section elementor-top-section elementor-element elementor-element-f65e65a elementor-section-height-min-height elementor-section-boxed elementor-section-height-default elementor-section-items-middle elementor-invisible\" data-id=\"f65e65a\" data-element_type=\"section\" data-settings=\"{&quot;animation&quot;:&quot;zoomIn&quot;}\">\n\t\t\t\t\t\t<div class=\"elementor-container elementor-column-gap-default\">\n\t\t\t\t\t<div class=\"elementor-column elementor-col-33 elementor-top-column elementor-element elementor-element-d63986c\" data-id=\"d63986c\" data-element_type=\"column\">\n\t\t\t<div class=\"elementor-widget-wrap elementor-element-populated\">\n\t\t\t\t\t\t<div class=\"elementor-element elementor-element-05eb35d elementor-widget elementor-widget-image\" data-id=\"05eb35d\" data-element_type=\"widget\" data-widget_type=\"image.default\">\n\t\t\t\t<div class=\"elementor-widget-container\">\n\t\t\t\t\t\t\t\t\t\t\t\t\t\t\t<img fetchpriority=\"high\" decoding=\"async\" width=\"500\" height=\"500\" src=\"https:\/\/www.nabore.com\/wp-content\/uploads\/2025\/12\/Leather-fibers-green_50N0539-1.jpg\" class=\"attachment-large size-large wp-image-2594\" alt=\"\" srcset=\"https:\/\/www.nabore.com\/wp-content\/uploads\/2025\/12\/Leather-fibers-green_50N0539-1.jpg 500w, https:\/\/www.nabore.com\/wp-content\/uploads\/2025\/12\/Leather-fibers-green_50N0539-1-300x300.jpg 300w, https:\/\/www.nabore.com\/wp-content\/uploads\/2025\/12\/Leather-fibers-green_50N0539-1-150x150.jpg 150w, https:\/\/www.nabore.com\/wp-content\/uploads\/2025\/12\/Leather-fibers-green_50N0539-1-12x12.jpg 12w\" sizes=\"(max-width: 500px) 100vw, 500px\" \/>\t\t\t\t\t\t\t\t\t\t\t\t\t\t\t<\/div>\n\t\t\t\t<\/div>\n\t\t\t\t\t<\/div>\n\t\t<\/div>\n\t\t\t\t<div class=\"elementor-column elementor-col-33 elementor-top-column elementor-element elementor-element-86545fd\" data-id=\"86545fd\" data-element_type=\"column\">\n\t\t\t<div class=\"elementor-widget-wrap elementor-element-populated\">\n\t\t\t\t\t\t<div class=\"elementor-element elementor-element-a198c0c elementor-widget elementor-widget-image\" data-id=\"a198c0c\" data-element_type=\"widget\" data-widget_type=\"image.default\">\n\t\t\t\t<div class=\"elementor-widget-container\">\n\t\t\t\t\t\t\t\t\t\t\t\t\t\t\t<img decoding=\"async\" width=\"500\" height=\"500\" src=\"https:\/\/www.nabore.com\/wp-content\/uploads\/2025\/12\/Leather-fibers-pink_50N0540.jpg\" class=\"attachment-large size-large wp-image-2593\" alt=\"\" srcset=\"https:\/\/www.nabore.com\/wp-content\/uploads\/2025\/12\/Leather-fibers-pink_50N0540.jpg 500w, https:\/\/www.nabore.com\/wp-content\/uploads\/2025\/12\/Leather-fibers-pink_50N0540-300x300.jpg 300w, https:\/\/www.nabore.com\/wp-content\/uploads\/2025\/12\/Leather-fibers-pink_50N0540-150x150.jpg 150w, https:\/\/www.nabore.com\/wp-content\/uploads\/2025\/12\/Leather-fibers-pink_50N0540-12x12.jpg 12w\" sizes=\"(max-width: 500px) 100vw, 500px\" \/>\t\t\t\t\t\t\t\t\t\t\t\t\t\t\t<\/div>\n\t\t\t\t<\/div>\n\t\t\t\t\t<\/div>\n\t\t<\/div>\n\t\t\t\t<div class=\"elementor-column elementor-col-33 elementor-top-column elementor-element elementor-element-03f37e2\" data-id=\"03f37e2\" data-element_type=\"column\">\n\t\t\t<div class=\"elementor-widget-wrap elementor-element-populated\">\n\t\t\t\t\t\t<div class=\"elementor-element elementor-element-1d3ebd5 elementor-widget elementor-widget-image\" data-id=\"1d3ebd5\" data-element_type=\"widget\" data-widget_type=\"image.default\">\n\t\t\t\t<div class=\"elementor-widget-container\">\n\t\t\t\t\t\t\t\t\t\t\t\t\t\t\t<img decoding=\"async\" width=\"500\" height=\"500\" src=\"https:\/\/www.nabore.com\/wp-content\/uploads\/2025\/12\/Leather-fibers-red_50N0536.jpg\" class=\"attachment-large size-large wp-image-2595\" alt=\"\" srcset=\"https:\/\/www.nabore.com\/wp-content\/uploads\/2025\/12\/Leather-fibers-red_50N0536.jpg 500w, https:\/\/www.nabore.com\/wp-content\/uploads\/2025\/12\/Leather-fibers-red_50N0536-300x300.jpg 300w, https:\/\/www.nabore.com\/wp-content\/uploads\/2025\/12\/Leather-fibers-red_50N0536-150x150.jpg 150w, https:\/\/www.nabore.com\/wp-content\/uploads\/2025\/12\/Leather-fibers-red_50N0536-12x12.jpg 12w\" sizes=\"(max-width: 500px) 100vw, 500px\" \/>\t\t\t\t\t\t\t\t\t\t\t\t\t\t\t<\/div>\n\t\t\t\t<\/div>\n\t\t\t\t\t<\/div>\n\t\t<\/div>\n\t\t\t\t\t<\/div>\n\t\t<\/section>\n\t\t\t\t<section class=\"elementor-section elementor-top-section elementor-element elementor-element-d808d00 elementor-section-height-min-height elementor-section-boxed elementor-section-height-default elementor-section-items-middle\" data-id=\"d808d00\" data-element_type=\"section\" data-settings=\"{&quot;background_background&quot;:&quot;classic&quot;}\">\n\t\t\t\t\t\t<div class=\"elementor-container elementor-column-gap-default\">\n\t\t\t\t\t<div class=\"elementor-column elementor-col-100 elementor-top-column elementor-element elementor-element-3d3681c\" data-id=\"3d3681c\" data-element_type=\"column\">\n\t\t\t<div class=\"elementor-widget-wrap elementor-element-populated\">\n\t\t\t\t\t\t<div class=\"elementor-element elementor-element-a658e57 elementor-widget elementor-widget-heading\" data-id=\"a658e57\" data-element_type=\"widget\" data-widget_type=\"heading.default\">\n\t\t\t\t<div class=\"elementor-widget-container\">\n\t\t\t\t\t<h2 class=\"elementor-heading-title elementor-size-default\">Proof of concept<\/h2>\t\t\t\t<\/div>\n\t\t\t\t<\/div>\n\t\t\t\t<div class=\"elementor-element elementor-element-2ed7153 elementor-widget elementor-widget-text-editor\" data-id=\"2ed7153\" data-element_type=\"widget\" data-widget_type=\"text-editor.default\">\n\t\t\t\t<div class=\"elementor-widget-container\">\n\t\t\t\t\t\t\t\t\t<p>Sie fragen sich, ob auch Ihre textilen Reststoffe zu neuen Materialien transformiert werden kann? Finden Sie es raus!<\/p>\t\t\t\t\t\t\t\t<\/div>\n\t\t\t\t<\/div>\n\t\t\t\t\t<\/div>\n\t\t<\/div>\n\t\t\t\t\t<\/div>\n\t\t<\/section>\n\t\t\t\t<section class=\"elementor-section elementor-top-section elementor-element elementor-element-9a2f245 elementor-section-height-min-height elementor-section-boxed elementor-section-height-default elementor-section-items-middle\" data-id=\"9a2f245\" data-element_type=\"section\">\n\t\t\t\t\t\t<div class=\"elementor-container elementor-column-gap-default\">\n\t\t\t\t\t<div class=\"elementor-column elementor-col-100 elementor-top-column elementor-element elementor-element-4cef0c5\" data-id=\"4cef0c5\" data-element_type=\"column\">\n\t\t\t<div class=\"elementor-widget-wrap\">\n\t\t\t\t\t\t\t<\/div>\n\t\t<\/div>\n\t\t\t\t\t<\/div>\n\t\t<\/section>\n\t\t\t\t<section class=\"elementor-section elementor-top-section elementor-element elementor-element-0c99b8b elementor-section-height-min-height elementor-section-items-top elementor-section-content-top elementor-section-boxed elementor-section-height-default\" data-id=\"0c99b8b\" data-element_type=\"section\">\n\t\t\t\t\t\t<div class=\"elementor-container elementor-column-gap-wide\">\n\t\t\t\t\t<div class=\"elementor-column elementor-col-50 elementor-top-column elementor-element elementor-element-09a7e83\" data-id=\"09a7e83\" data-element_type=\"column\" data-settings=\"{&quot;background_background&quot;:&quot;classic&quot;}\">\n\t\t\t<div class=\"elementor-widget-wrap elementor-element-populated\">\n\t\t\t\t\t\t<div class=\"elementor-element elementor-element-a28f1f4 elementor-widget elementor-widget-text-editor\" data-id=\"a28f1f4\" data-element_type=\"widget\" data-widget_type=\"text-editor.default\">\n\t\t\t\t<div class=\"elementor-widget-container\">\n\t\t\t\t\t\t\t\t\t<p>Beauftragen Sie uns mit dem <b>&#8222;Proof of concept&#8220;<\/b> und finden Sie heraus, welche spannenden M\u00f6glichkeiten Ihnen unsere Technologie bietet! F\u00fcr nur 4999,00\u20ac erstellen wir eine labor-ma\u00dfst\u00e4blichen Machbarkeitsanalyse, wobei Sie am Ende garantiert ein neues Material aus Ihren Reststoffen in der Hand halten werden!<\/p>\t\t\t\t\t\t\t\t<\/div>\n\t\t\t\t<\/div>\n\t\t\t\t\t<\/div>\n\t\t<\/div>\n\t\t\t\t<div class=\"elementor-column elementor-col-50 elementor-top-column elementor-element elementor-element-da3d3ee\" data-id=\"da3d3ee\" data-element_type=\"column\" data-settings=\"{&quot;background_background&quot;:&quot;classic&quot;}\">\n\t\t\t<div class=\"elementor-widget-wrap elementor-element-populated\">\n\t\t\t\t\t\t<div class=\"elementor-element elementor-element-907bdbd elementor-widget elementor-widget-text-editor\" data-id=\"907bdbd\" data-element_type=\"widget\" data-widget_type=\"text-editor.default\">\n\t\t\t\t<div class=\"elementor-widget-container\">\n\t\t\t\t\t\t\t\t\t<p>Im Rahmen der Machbarkeitsanalyse k\u00f6nnen wir Ihnen in einem Bericht mitteilen, welche Materialqualit\u00e4ten und Anwendungen voraussichtlich m\u00f6glich sein werden. Step by Step zu einer Recylingl\u00f6sung f\u00fcr Ihre Reste!<\/p>\t\t\t\t\t\t\t\t<\/div>\n\t\t\t\t<\/div>\n\t\t\t\t\t<\/div>\n\t\t<\/div>\n\t\t\t\t\t<\/div>\n\t\t<\/section>\n\t\t\t\t<section class=\"elementor-section elementor-top-section elementor-element elementor-element-f7f5e44 elementor-section-boxed elementor-section-height-default elementor-section-height-default\" data-id=\"f7f5e44\" data-element_type=\"section\">\n\t\t\t\t\t\t<div class=\"elementor-container elementor-column-gap-default\">\n\t\t\t\t\t<div class=\"elementor-column elementor-col-100 elementor-top-column elementor-element elementor-element-cedb000\" data-id=\"cedb000\" data-element_type=\"column\">\n\t\t\t<div class=\"elementor-widget-wrap\">\n\t\t\t\t\t\t\t<\/div>\n\t\t<\/div>\n\t\t\t\t\t<\/div>\n\t\t<\/section>\n\t\t\t\t<section class=\"elementor-section elementor-top-section elementor-element elementor-element-3144315 elementor-section-boxed elementor-section-height-default elementor-section-height-default\" data-id=\"3144315\" data-element_type=\"section\">\n\t\t\t\t\t\t<div class=\"elementor-container elementor-column-gap-default\">\n\t\t\t\t\t<div class=\"elementor-column elementor-col-100 elementor-top-column elementor-element elementor-element-075b031\" data-id=\"075b031\" data-element_type=\"column\">\n\t\t\t<div class=\"elementor-widget-wrap elementor-element-populated\">\n\t\t\t\t\t\t<div class=\"elementor-element elementor-element-fe0ccdd elementor-widget elementor-widget-spacer\" data-id=\"fe0ccdd\" data-element_type=\"widget\" data-widget_type=\"spacer.default\">\n\t\t\t\t<div class=\"elementor-widget-container\">\n\t\t\t\t\t\t\t<div class=\"elementor-spacer\">\n\t\t\t<div class=\"elementor-spacer-inner\"><\/div>\n\t\t<\/div>\n\t\t\t\t\t\t<\/div>\n\t\t\t\t<\/div>\n\t\t\t\t\t<\/div>\n\t\t<\/div>\n\t\t\t\t\t<\/div>\n\t\t<\/section>\n\t\t\t\t<\/div>","protected":false},"excerpt":{"rendered":"<p>Forschung &amp; Entwicklung mit Tradition R&amp;D ist der Ausgangspunkt f\u00fcr alle Materialien von NABORE. Hier untersuchen und entwickeln wir Rezepturen und Prozesse, um industrielle Reststoffe technisch nutzbar zu machen. Unsere Entwicklungsarbeit verbindet Labor, Produktion und Partnernetzwerke und erm\u00f6glicht die \u00dcberf\u00fchrung neuer L\u00f6sungen in industrielle Anwendungen. Proof of concept Sie fragen sich, ob auch Ihre textilen [&hellip;]<\/p>","protected":false},"author":3,"featured_media":0,"parent":0,"menu_order":0,"comment_status":"closed","ping_status":"closed","template":"elementor_header_footer","meta":{"footnotes":""},"class_list":["post-493","page","type-page","status-publish","hentry"],"_links":{"self":[{"href":"https:\/\/www.nabore.com\/en\/wp-json\/wp\/v2\/pages\/493","targetHints":{"allow":["GET"]}}],"collection":[{"href":"https:\/\/www.nabore.com\/en\/wp-json\/wp\/v2\/pages"}],"about":[{"href":"https:\/\/www.nabore.com\/en\/wp-json\/wp\/v2\/types\/page"}],"author":[{"embeddable":true,"href":"https:\/\/www.nabore.com\/en\/wp-json\/wp\/v2\/users\/3"}],"replies":[{"embeddable":true,"href":"https:\/\/www.nabore.com\/en\/wp-json\/wp\/v2\/comments?post=493"}],"version-history":[{"count":126,"href":"https:\/\/www.nabore.com\/en\/wp-json\/wp\/v2\/pages\/493\/revisions"}],"predecessor-version":[{"id":3284,"href":"https:\/\/www.nabore.com\/en\/wp-json\/wp\/v2\/pages\/493\/revisions\/3284"}],"wp:attachment":[{"href":"https:\/\/www.nabore.com\/en\/wp-json\/wp\/v2\/media?parent=493"}],"curies":[{"name":"wp","href":"https:\/\/api.w.org\/{rel}","templated":true}]}}